{"id":244,"date":"2014-11-19T17:47:38","date_gmt":"2014-11-19T23:47:38","guid":{"rendered":"https:\/\/tecnedia.com\/?page_id=17"},"modified":"2025-02-13T20:15:54","modified_gmt":"2025-02-14T02:15:54","slug":"aviso-de-privacidad","status":"publish","type":"page","link":"https:\/\/tecnedia.com\/site\/aviso-de-privacidad\/","title":{"rendered":"Aviso de privacidad"},"content":{"rendered":"<p>[et_pb_section fb_built=&#8221;1&#8243; admin_label=&#8221;section&#8221; _builder_version=&#8221;4.16&#8243; global_colors_info=&#8221;{}&#8221;][et_pb_row admin_label=&#8221;row&#8221; _builder_version=&#8221;4.16&#8243; background_size=&#8221;initial&#8221; background_position=&#8221;top_left&#8221; background_repeat=&#8221;repeat&#8221; global_colors_info=&#8221;{}&#8221; column_structure=&#8221;1_3,2_3&#8243;][et_pb_column type=&#8221;1_3&#8243; _builder_version=&#8221;4.16&#8243; custom_padding=&#8221;|||&#8221; global_colors_info=&#8221;{}&#8221; custom_padding__hover=&#8221;|||&#8221;][et_pb_image src=&#8221;https:\/\/tecnedia.com\/site\/wp-content\/uploads\/2014\/11\/aviso_de_privacidad.jpg&#8221; align_tablet=&#8221;center&#8221; align_last_edited=&#8221;on|desktop&#8221; admin_label=&#8221;Imagen&#8221; _builder_version=&#8221;4.16&#8243; animation_style=&#8221;slide&#8221; animation_direction=&#8221;left&#8221; animation_duration=&#8221;500ms&#8221; animation_intensity_slide=&#8221;10%&#8221; use_border_color=&#8221;off&#8221; border_color=&#8221;#ffffff&#8221; border_style=&#8221;solid&#8221; animation=&#8221;left&#8221; sticky=&#8221;off&#8221; always_center_on_mobile=&#8221;on&#8221; global_colors_info=&#8221;{}&#8221; align_phone=&#8221;center&#8221;] [\/et_pb_image][\/et_pb_column][et_pb_column type=&#8221;2_3&#8243; _builder_version=&#8221;4.16&#8243; custom_padding=&#8221;|||&#8221; global_colors_info=&#8221;{}&#8221; custom_padding__hover=&#8221;|||&#8221;][et_pb_text admin_label=&#8221;Texto&#8221; _builder_version=&#8221;4.16&#8243; background_size=&#8221;initial&#8221; background_position=&#8221;top_left&#8221; background_repeat=&#8221;repeat&#8221; use_border_color=&#8221;off&#8221; border_color=&#8221;#ffffff&#8221; border_style=&#8221;solid&#8221; global_colors_info=&#8221;{}&#8221;]<\/p>\n<h1><span style=\"color: #2ea3f2;\">AVISO DE PRIVACIDAD<\/span><\/h1>\n<p><strong><span style=\"color: #779eb5;\">En cumplimiento a la Ley Federal de Protecci\u00f3n de Datos Personales en Posesi\u00f3n de los Particulares y con el fin de asegurar la protecci\u00f3n y privacidad de los datos personales, as\u00ed\u00ad como regular los derechos de acceso, rectificaci\u00f3n, cancelaci\u00f3n y oposici\u00f3n del tratamiento de los mismos, extendemos\u00a0el presente aviso a nuestros clientes.<\/span><\/strong><\/p>\n<h3>\u00bfPara qu\u00e9 fines utilizaremos sus datos personales?<\/h3>\n<p>Los datos personales que recabamos de usted, los utilizaremos para las siguientes finalidades que son necesarias para el servicio que solicita:<\/p>\n<p><strong>\u2014\u008f PARA EL REGISTRO DE DOMINIOS<br \/>\u2014\u008f PARA LA IDENTIFICACION DEL CLIENTE<br \/><\/strong><strong>\u2014\u008f PARA LA FACTURACI\u00d3N DE LOS SERVICIOS<\/strong><strong><\/strong><\/p>\n<h3>\u00bfQu\u00e9 datos personales utilizaremos para estos fines?<\/h3>\n<p>Para llevar a cabo las finalidades descritas en el presente aviso de privacidad, podemos requerir los siguientes datos:<\/p>\n<p>\u2014\u008f <strong>Nombre<br \/>\u2014\u008f Registro Federal de Contribuyentes(RFC)<br \/>\u2014\u008f Clave \u00fanica de Registro de Poblaci\u00f3n (CURP)<br \/>\u2014\u008f Nacionalidad<br \/>\u2014\u008f Domicilio<br \/>\u2014\u008f Tel\u00e9fono particular<br \/>\u2014\u008f Tel\u00e9fono celular<br \/>\u2014\u008f Correo electr\u00f3nico<br \/>\u2014\u008f Puesto o cargo que desempe\u00f1a<br \/>\u2014\u008f Domicilio de trabajo<br \/>\u2014\u008f Correo electr\u00f3nico institucional<br \/>\u2014\u008f Tel\u00e9fono institucional<br \/>\u2014\u008f N\u00famero de tarjetas de cr\u00e9dito<\/strong><\/p>\n<h3>\u00bfCon qui\u00e9n compartimos su informaci\u00f3n personal y para qu\u00e9 fines?<\/h3>\n<p>Le informamos que sus datos personales son compartidos <strong>dentro y fuera del pa\u00ed\u00ads<\/strong> con las siguientes personas, empresas, organizaciones o autoridades distintas a nosotros, para los siguientes fines:<\/p>\n<p><strong>AL PROVEEDOR DE NOMBRES DE DOMINIO INTERNACIONAL, PARA EL REGISTRO DE DOMINIOS A SU NOMBRE<br \/>AL PROVEEDOR DE NOMBRES DE DOMINIO NACIONAL, PARA EL REGISTRO DE DOMINIOS A SU NOMBRE<br \/>AL PROVEEDOR DE SERVICIOS DE HOSPEDAJE, PARA REGISTRARLO COMO USUARIO<br \/><\/strong><\/p>\n<h3>\u00bfC\u00f3mo puede acceder, rectificar o cancelar sus datos personales, u oponerse a su uso?<\/h3>\n<p>Usted tiene derecho a conocer qu\u00e9 datos personales tenemos de usted, para qu\u00e9 los utilizamos y las condiciones del uso que les damos (Acceso). Asimismo, es su derecho solicitar la correcci\u00f3n de su informaci\u00f3n personal en caso de que est\u00e9 desactualizada, sea inexacta o incompleta (Rectificaci\u00f3n); que la eliminemos de nuestros registros o bases de datos cuando considere que la misma no est\u00e1 siendo utilizada adecuadamente (Cancelaci\u00f3n); as\u00ed\u00ad como oponerse al uso de sus datos personales para fines espec\u00ed\u00adficos (Oposici\u00f3n). Estos derechos se conocen como derechos ARCO.<\/p>\n<p>Para el ejercicio de cualquiera de los derechos ARCO, usted deber\u00e1 presentar la solicitud respectiva enviando un correo a: <strong><a href=\"mailto:avisodeprivacidad@tecnedia.com\" target=\"_blank\" rel=\"noopener\">avisodeprivacidad@tecnedia.com<\/a><\/strong><\/p>\n<h3>Usted puede revocar su consentimiento para el uso de sus datos personales<\/h3>\n<p>Usted puede revocar el consentimiento que, en su caso, nos haya otorgado para el tratamiento de sus datos personales. Sin embargo, es importante que tenga en cuenta que no en todos los casos podremos atender su solicitud o concluir el uso de forma inmediata, ya que es posible que por alguna obligaci\u00f3n legal requiramos seguir tratando sus datos personales. Asimismo, usted deber\u00e1 considerar que para ciertos fines, la revocaci\u00f3n de su consentimiento implicar\u00e1 que no le podamos seguir prestando el servicio que nos solicit\u00f3, o la conclusi\u00f3n de su relaci\u00f3n con nosotros.<\/p>\n<p>Para revocar su consentimiento o conocer el procedimiento y requisitos para la revocaci\u00f3n del consentimiento, deber\u00e1 presentar su solicitud a trav\u00e9s del correo electr\u00f3nico: <strong><a href=\"mailto:avisodeprivacidad@tecnedia.com\" target=\"_blank\" rel=\"noopener\">avisodeprivacidad@tecnedia.com<\/a><\/strong><\/p>\n<h3>\u00bfC\u00f3mo puede limitar el uso o divulgaci\u00f3n de su informaci\u00f3n personal?<\/h3>\n<p>A trav\u00e9s del correo electr\u00f3nico: <strong><a href=\"mailto:avisodeprivacidad@tecnedia.com\" target=\"_blank\" rel=\"noopener\">avisodeprivacidad@tecnedia.com<\/a><\/strong><\/p>\n<h3>\u00bfC\u00f3mo puede conocer los cambios en este aviso de privacidad?<\/h3>\n<p>El presente aviso de privacidad puede sufrir modificaciones, cambios o actualizaciones derivadas de nuevos requerimientos legales; de nuestras propias necesidades por los productos o servicios que ofrecemos; de nuestras pr\u00e1cticas de privacidad; de cambios en nuestro modelo de negocio, o por otras causas.<\/p>\n<p>Nos comprometemos a mantenerlo informado sobre los cambios que pueda sufrir el presente aviso de privacidad, a trav\u00e9s de nuestro sitio web: <a href=\"http:\/\/www.tecnedia.com\">www.tecnedia.com<\/a><\/p>\n<p>[\/et_pb_text][\/et_pb_column][\/et_pb_row][\/et_pb_section]<\/p>\n","protected":false},"excerpt":{"rendered":"<p>AVISO DE PRIVACIDAD En cumplimiento a la Ley Federal de Protecci\u00f3n de Datos Personales en Posesi\u00f3n de los Particulares y con el fin de asegurar la protecci\u00f3n y privacidad de los datos personales, as\u00ed\u00ad como regular los derechos de acceso, rectificaci\u00f3n, cancelaci\u00f3n y oposici\u00f3n del tratamiento de los mismos, extendemos\u00a0el presente aviso a nuestros clientes. [&hellip;]<\/p>\n","protected":false},"author":1,"featured_media":0,"parent":0,"menu_order":0,"comment_status":"closed","ping_status":"closed","template":"","meta":{"_et_pb_use_builder":"on","_et_pb_old_content":"<p>En cumplimiento a la Ley Federal de Protecci\u00f3n de Datos Personales en Posesi\u00f3n de los Particulares y con el fin de asegurar la protecci\u00f3n y privacidad de los datos personales, as\u00ed\u00ad como regular los derechos de acceso, rectificaci\u00f3n, cancelaci\u00f3n y oposici\u00f3n del tratamiento de los mismos, extendemos\u00a0el presente Aviso a nuestros clientes.<\/p><p><strong>JUAN JOSE MELENDEZ MARTINEZ<\/strong>, para fines comerciales mejor conocido como <strong>TECNEDIA<\/strong>, con domicilio en calle <strong>EMILIO CARRANZA\u00a0<\/strong><strong>340, colonia SAN PEDRO<\/strong>, ciudad <strong>SAN PEDRO GARZA GARCIA<\/strong>, municipio o delegaci\u00f3n <strong>SAN PEDRO GARZA GARCIA, c.p. 66230<\/strong>, en la entidad de <strong>NUEVO LEON, pa\u00ed\u00ads MEXICO<\/strong>, y portal de internet www.tecnedia.com, es el responsable del uso y protecci\u00f3n de sus datos personales, y al respecto le informamos lo siguiente:<\/p><h2>\u00bfPara qu\u00ed\u00a9 fines utilizaremos sus datos personales?<\/h2><p>Los datos personales que recabamos de usted, los utilizaremos para las siguientes finalidades que son necesarias para el servicio que solicita:<\/p><p><strong>\u00e2\u2014\u008f PARA EL REGISTRO DE DOMINIOS<\/strong><\/p><p><strong>\u00e2\u2014\u008f PARA LA IDENTIFICACION DEL CLIENTE<\/strong><\/p><h2>\u00bfQu\u00ed\u00a9 datos personales utilizaremos para estos fines?<\/h2><p>Para llevar a cabo las finalidades descritas en el presente aviso de privacidad, utilizaremos los siguientes datos<\/p><p>personales:<\/p><p>\u00e2\u2014\u008f <strong>Nombre<\/strong><\/p><p><strong>\u00e2\u2014\u008f Registro Federal de Contribuyentes(RFC)<\/strong><\/p><p><strong>\u00e2\u2014\u008f Clave \u00ed\u00banica de Registro de Poblaci\u00f3n (CURP)<\/strong><\/p><p><strong>\u00e2\u2014\u008f Nacionalidad<\/strong><\/p><p><strong>\u00e2\u2014\u008f Domicilio<\/strong><\/p><p><strong>\u00e2\u2014\u008f Tel\u00ed\u00a9fono particular<\/strong><\/p><p><strong>\u00e2\u2014\u008f Tel\u00ed\u00a9fono celular<\/strong><\/p><p><strong>\u00e2\u2014\u008f Correo electr\u00f3nico<\/strong><\/p><p><strong>\u00e2\u2014\u008f Puesto o cargo que desempe\u00f1a<\/strong><\/p><p><strong>\u00e2\u2014\u008f Domicilio de trabajo<\/strong><\/p><p><strong>\u00e2\u2014\u008f Correo electr\u00f3nico institucional<\/strong><\/p><p><strong>\u00e2\u2014\u008f Tel\u00ed\u00a9fono institucional<\/strong><\/p><p><strong>\u00e2\u2014\u008f N\u00ed\u00bamero de tarjetas de cr\u00ed\u00a9dito<\/strong><\/p><h2>\u00bfCon qui\u00ed\u00a9n compartimos su informaci\u00f3n personal y para qu\u00ed\u00a9 fines?<\/h2><p>Le informamos que sus datos personales son compartidos dentro y fuera del pa\u00ed\u00ads con las siguientes personas, empresas, organizaciones o autoridades distintas a nosotros, para los siguientes fines:<\/p><p>Destinatario de los datos personales Finalidad Requiere del consentimiento<\/p><p><strong>AL PROVEEDOR DE NOMBRES DE DOMINIO INTERNACIONAL REGISTRAR DOMINIOS No<\/strong><\/p><p><strong>AL PROVEEDOR DE NOMBRES DE DOMINIO NACIONAL REGISTRAR DOMINIOS No<\/strong><\/p><p><strong>AL PROVEEDOR DE SERVICIOS DE HOSPEDAJE REGISTRARLO COMO USUARIO<\/strong><\/p><h2>\u00bfC\u00f3mo puede acceder, rectificar o cancelar sus datos personales, u oponerse a su uso?<\/h2><p>Usted tiene derecho a conocer qu\u00ed\u00a9 datos personales tenemos de usted, para qu\u00ed\u00a9 los utilizamos y las condiciones del uso que les damos (Acceso). Asimismo, es su derecho solicitar la correcci\u00f3n de su informaci\u00f3n personal en caso de que est\u00ed\u00a9 desactualizada, sea inexacta o incompleta (Rectificaci\u00f3n); que la eliminemos de nuestros registros o bases de datos cuando considere que la misma no est\u00e1 siendo utilizada adecuadamente (Cancelaci\u00f3n); as\u00ed\u00ad como oponerse al uso de sus datos personales para fines espec\u00ed\u00adficos (Oposici\u00f3n). Estos derechos se conocen como derechos ARCO.<\/p><p>Para el ejercicio de cualquiera de los derechos ARCO, usted deber\u00e1 presentar la solicitud respectiva a trav\u00ed\u00a9s del siguiente medio:<\/p><p><strong>ENVIANDO UN CORREO ELECTRONICO A <a href=\"mailto:avisodeprivacidad@tecnedia.com\" target=\"_blank\">avisodeprivacidad@tecnedia.com<\/a><\/strong><\/p><p>Para conocer el procedimiento y requisitos para el ejercicio de los derechos ARCO, ponemos a su disposici\u00f3n el siguiente medio:<\/p><p><strong>A TRAVES DEL CORREO ELECTRONICO\u00a0<a href=\"mailto:avisodeprivacidad@tecnedia.com\" target=\"_blank\">avisodeprivacidad@tecnedia.com<\/a><\/strong><\/p><p>Los datos de contacto de la persona o departamento de datos personales, que est\u00e1 a cargo de dar tr\u00e1mite a las solicitudes de derechos ARCO, son los siguientes:<\/p><p>a) Nombre de la persona o departamento de datos personales:<strong> JUAN JOSE MELENDEZ MARTINEZ<\/strong><\/p><p>b) Domicilio: calle<strong> EMILIO CARRANZA 340, colonia SAN PEDRO, ciudad SAN PEDRO GARZA GARCIA, municipio o\u00a0<\/strong><strong>delegaci\u00f3n SAN PEDRO GARZA GARCIA, c.p. 66230, en la entidad de NUEVO LEON, pa\u00ed\u00ads MEXICO<\/strong><\/p><p>Usted puede revocar su consentimiento para el uso de sus datos personales<\/p><p>Usted puede revocar el consentimiento que, en su caso, nos haya otorgado para el tratamiento de sus datos<\/p><p>personales. Sin embargo, es importante que tenga en cuenta que no en todos los casos podremos atender su<\/p><p>solicitud o concluir el uso de forma inmediata, ya que es posible que por alguna obligaci\u00f3n legal requiramos seguir<\/p><p>tratando sus datos personales. Asimismo, usted deber\u00e1 considerar que para ciertos fines, la revocaci\u00f3n de su<\/p><p>consentimiento implicar\u00e1 que no le podamos seguir prestando el servicio que nos solicit\u00f3, o la conclusi\u00f3n de su<\/p><p>relaci\u00f3n con nosotros.<\/p><p>Para revocar su consentimiento deber\u00e1 presentar su solicitud a trav\u00ed\u00a9s del siguiente medio:<\/p><p>A TRAVES DEL CORREO ELECTRONICO:\u00a0<strong><a href=\"mailto:avisodeprivacidad@tecnedia.com\" target=\"_blank\">avisodeprivacidad@tecnedia.com<\/a><\/strong><\/p><p>Para conocer el procedimiento y requisitos para la revocaci\u00f3n del consentimiento, ponemos a su disposici\u00f3n el siguiente medio:<\/p><p>A TRAVES DEL CORREO ELECTRONICO:\u00a0<strong><a href=\"mailto:avisodeprivacidad@tecnedia.com\" target=\"_blank\">avisodeprivacidad@tecnedia.com<\/a><\/strong><\/p><p>\u00bfC\u00f3mo puede limitar el uso o divulgaci\u00f3n de su informaci\u00f3n personal?<\/p><p>Con objeto de que usted pueda limitar el uso y divulgaci\u00f3n de su informaci\u00f3n personal, le ofrecemos los siguientes<\/p><p>medios:<\/p><p>A TRAVES DEL CORREO ELECTRONICO:\u00a0<strong><a href=\"mailto:avisodeprivacidad@tecnedia.com\" target=\"_blank\">avisodeprivacidad@tecnedia.com<\/a><\/strong><\/p><p>\u00bfC\u00f3mo puede conocer los cambios en este aviso de privacidad?<\/p><p>El presente aviso de privacidad puede sufrir modificaciones, cambios o actualizaciones derivadas de nuevos<\/p><p>requerimientos legales; de nuestras propias necesidades por los productos o servicios que ofrecemos; de nuestras<\/p><p>pr\u00e1cticas de privacidad; de cambios en nuestro modelo de negocio, o por otras causas.<\/p><p>Nos comprometemos a mantenerlo informado sobre los cambios que pueda sufrir el presente aviso de privacidad, a<\/p><p>trav\u00ed\u00a9s de: POR MEDIO DE LA PAGINA WEB.<\/p><p>El procedimiento a trav\u00ed\u00a9s del cual se llevar\u00e1n a cabo las notificaciones sobre cambios o actualizaciones al presente<\/p><p>aviso de privacidad es el siguiente:<\/p><p>POR MEDIO DE LA PAGINA WEB<\/p><p>\u00a0<\/p><p>Gracias.<\/p><p>\u00a0<\/p><p>\u00a0<\/p>","_et_gb_content_width":"","footnotes":""},"class_list":["post-244","page","type-page","status-publish","hentry"],"_links":{"self":[{"href":"https:\/\/tecnedia.com\/site\/wp-json\/wp\/v2\/pages\/244","targetHints":{"allow":["GET"]}}],"collection":[{"href":"https:\/\/tecnedia.com\/site\/wp-json\/wp\/v2\/pages"}],"about":[{"href":"https:\/\/tecnedia.com\/site\/wp-json\/wp\/v2\/types\/page"}],"author":[{"embeddable":true,"href":"https:\/\/tecnedia.com\/site\/wp-json\/wp\/v2\/users\/1"}],"replies":[{"embeddable":true,"href":"https:\/\/tecnedia.com\/site\/wp-json\/wp\/v2\/comments?post=244"}],"version-history":[{"count":9,"href":"https:\/\/tecnedia.com\/site\/wp-json\/wp\/v2\/pages\/244\/revisions"}],"predecessor-version":[{"id":508,"href":"https:\/\/tecnedia.com\/site\/wp-json\/wp\/v2\/pages\/244\/revisions\/508"}],"wp:attachment":[{"href":"https:\/\/tecnedia.com\/site\/wp-json\/wp\/v2\/media?parent=244"}],"curies":[{"name":"wp","href":"https:\/\/api.w.org\/{rel}","templated":true}]}}